{"id":7,"date":"2024-03-25T12:46:28","date_gmt":"2024-03-25T11:46:28","guid":{"rendered":"https:\/\/massivewood.cz\/?page_id=7"},"modified":"2025-01-30T22:04:13","modified_gmt":"2025-01-30T21:04:13","slug":"domu","status":"publish","type":"page","link":"https:\/\/massivewood.cz\/","title":{"rendered":"Dom\u016f"},"content":{"rendered":"\r\n<p style=\"text-align: justify;\">&#8222;Vyr\u00e1b\u00edme<strong> ru\u010dn\u011b designov\u00fd<\/strong> n\u00e1bytek a prvky z <strong>masivn\u00edho d\u0159eva<\/strong>, kter\u00e9 dodaj\u00ed va\u0161emu interi\u00e9ru \u010di exteri\u00e9ru jedine\u010dn\u00fd <strong>charakter<\/strong>. Ka\u017ed\u00fd kus je <strong>origin\u00e1l<\/strong> s vlastn\u00edm p\u0159\u00edb\u011bhem.&#8220;<\/p>\r\n","protected":false},"excerpt":{"rendered":"<p>&#8222;Vyr\u00e1b\u00edme ru\u010dn\u011b designov\u00fd n\u00e1bytek a prvky z masivn\u00edho d\u0159eva, kter\u00e9 dodaj\u00ed va\u0161emu interi\u00e9ru \u010di exteri\u00e9ru jedine\u010dn\u00fd charakter. Ka\u017ed\u00fd kus je origin\u00e1l s vlastn\u00edm p\u0159\u00edb\u011bhem.&#8220;<\/p>\n","protected":false},"author":1,"featured_media":0,"parent":0,"menu_order":0,"comment_status":"closed","ping_status":"closed","template":"","meta":{"_monsterinsights_skip_tracking":false,"_monsterinsights_sitenote_active":false,"_monsterinsights_sitenote_note":"","_monsterinsights_sitenote_category":0,"footnotes":""},"class_list":["post-7","page","type-page","status-publish","hentry"],"aioseo_notices":[],"_links":{"self":[{"href":"https:\/\/massivewood.cz\/index.php?rest_route=\/wp\/v2\/pages\/7","targetHints":{"allow":["GET"]}}],"collection":[{"href":"https:\/\/massivewood.cz\/index.php?rest_route=\/wp\/v2\/pages"}],"about":[{"href":"https:\/\/massivewood.cz\/index.php?rest_route=\/wp\/v2\/types\/page"}],"author":[{"embeddable":true,"href":"https:\/\/massivewood.cz\/index.php?rest_route=\/wp\/v2\/users\/1"}],"replies":[{"embeddable":true,"href":"https:\/\/massivewood.cz\/index.php?rest_route=%2Fwp%2Fv2%2Fcomments&post=7"}],"version-history":[{"count":6,"href":"https:\/\/massivewood.cz\/index.php?rest_route=\/wp\/v2\/pages\/7\/revisions"}],"predecessor-version":[{"id":178,"href":"https:\/\/massivewood.cz\/index.php?rest_route=\/wp\/v2\/pages\/7\/revisions\/178"}],"wp:attachment":[{"href":"https:\/\/massivewood.cz\/index.php?rest_route=%2Fwp%2Fv2%2Fmedia&parent=7"}],"curies":[{"name":"wp","href":"https:\/\/api.w.org\/{rel}","templated":true}]}}